{"id":1135,"date":"2017-02-18T22:59:13","date_gmt":"2017-02-18T21:59:13","guid":{"rendered":"http:\/\/84310.fr\/jardin-morierois\/?page_id=1135"},"modified":"2017-02-18T22:59:13","modified_gmt":"2017-02-18T21:59:13","slug":"2017-petit-moineau","status":"publish","type":"page","link":"https:\/\/84310.fr\/jardin-morierois\/2017-petit-moineau\/","title":{"rendered":"2017 PETIT MOINEAU"},"content":{"rendered":"<p><span style=\"color: #ff0000;\"><strong>17 F\u00e9vrier 2017<\/strong><\/span><\/p>\n<p>Une vari\u00e9t\u00e9 que j&rsquo;ai fait l&rsquo;ann\u00e9e derni\u00e8re, que j&rsquo;ai achet\u00e9 sur le bon coin, il me restait des graines de mon achat, je vais le terminer cette ann\u00e9e.<\/p>\n<p>108 graines sem\u00e9es.<\/p>\n","protected":false},"excerpt":{"rendered":"<p>17 F\u00e9vrier 2017 Une vari\u00e9t\u00e9 que j&rsquo;ai fait l&rsquo;ann\u00e9e derni\u00e8re, que j&rsquo;ai achet\u00e9 sur le bon coin, il me restait des graines de mon achat, je vais le terminer cette ann\u00e9e. 108 graines sem\u00e9es.<\/p>\n","protected":false},"author":1,"featured_media":0,"parent":0,"menu_order":0,"comment_status":"closed","ping_status":"closed","template":"","meta":{"_exactmetrics_skip_tracking":false,"_exactmetrics_sitenote_active":false,"_exactmetrics_sitenote_note":"","_exactmetrics_sitenote_category":0,"footnotes":""},"class_list":["post-1135","page","type-page","status-publish","hentry"],"_links":{"self":[{"href":"https:\/\/84310.fr\/jardin-morierois\/wp-json\/wp\/v2\/pages\/1135","targetHints":{"allow":["GET"]}}],"collection":[{"href":"https:\/\/84310.fr\/jardin-morierois\/wp-json\/wp\/v2\/pages"}],"about":[{"href":"https:\/\/84310.fr\/jardin-morierois\/wp-json\/wp\/v2\/types\/page"}],"author":[{"embeddable":true,"href":"https:\/\/84310.fr\/jardin-morierois\/wp-json\/wp\/v2\/users\/1"}],"replies":[{"embeddable":true,"href":"https:\/\/84310.fr\/jardin-morierois\/wp-json\/wp\/v2\/comments?post=1135"}],"version-history":[{"count":1,"href":"https:\/\/84310.fr\/jardin-morierois\/wp-json\/wp\/v2\/pages\/1135\/revisions"}],"predecessor-version":[{"id":1136,"href":"https:\/\/84310.fr\/jardin-morierois\/wp-json\/wp\/v2\/pages\/1135\/revisions\/1136"}],"wp:attachment":[{"href":"https:\/\/84310.fr\/jardin-morierois\/wp-json\/wp\/v2\/media?parent=1135"}],"curies":[{"name":"wp","href":"https:\/\/api.w.org\/{rel}","templated":true}]}}