{"id":1108,"date":"2017-02-15T22:52:31","date_gmt":"2017-02-15T21:52:31","guid":{"rendered":"http:\/\/84310.fr\/jardin-morierois\/?page_id=1108"},"modified":"2017-02-15T22:52:31","modified_gmt":"2017-02-15T21:52:31","slug":"2017-cobra","status":"publish","type":"page","link":"https:\/\/84310.fr\/jardin-morierois\/2017-cobra\/","title":{"rendered":"2017 COBRA"},"content":{"rendered":"<p><span style=\"color: #ff0000;\"><strong>15 F\u00e9vrier 2017<\/strong><\/span><\/p>\n<p>une tomate qu&rsquo;un gentil jardinier amateur m&rsquo;a donn\u00e9\/\u00e9chang\u00e9 l&rsquo;ann\u00e9e derni\u00e8re, je n&rsquo;ai pas vu le r\u00e9sultat d&rsquo;un plant greff\u00e9, mais d\u00e9j\u00e0 &#8230; les r\u00e9sultats ont \u00e9t\u00e9 bons<\/p>\n<p>36 graines sem\u00e9es.<\/p>\n","protected":false},"excerpt":{"rendered":"<p>15 F\u00e9vrier 2017 une tomate qu&rsquo;un gentil jardinier amateur m&rsquo;a donn\u00e9\/\u00e9chang\u00e9 l&rsquo;ann\u00e9e derni\u00e8re, je n&rsquo;ai pas vu le r\u00e9sultat d&rsquo;un plant greff\u00e9, mais d\u00e9j\u00e0 &#8230; les r\u00e9sultats ont \u00e9t\u00e9 bons 36 graines sem\u00e9es.<\/p>\n","protected":false},"author":1,"featured_media":0,"parent":0,"menu_order":0,"comment_status":"closed","ping_status":"closed","template":"","meta":{"_exactmetrics_skip_tracking":false,"_exactmetrics_sitenote_active":false,"_exactmetrics_sitenote_note":"","_exactmetrics_sitenote_category":0,"footnotes":""},"class_list":["post-1108","page","type-page","status-publish","hentry"],"_links":{"self":[{"href":"https:\/\/84310.fr\/jardin-morierois\/wp-json\/wp\/v2\/pages\/1108","targetHints":{"allow":["GET"]}}],"collection":[{"href":"https:\/\/84310.fr\/jardin-morierois\/wp-json\/wp\/v2\/pages"}],"about":[{"href":"https:\/\/84310.fr\/jardin-morierois\/wp-json\/wp\/v2\/types\/page"}],"author":[{"embeddable":true,"href":"https:\/\/84310.fr\/jardin-morierois\/wp-json\/wp\/v2\/users\/1"}],"replies":[{"embeddable":true,"href":"https:\/\/84310.fr\/jardin-morierois\/wp-json\/wp\/v2\/comments?post=1108"}],"version-history":[{"count":1,"href":"https:\/\/84310.fr\/jardin-morierois\/wp-json\/wp\/v2\/pages\/1108\/revisions"}],"predecessor-version":[{"id":1109,"href":"https:\/\/84310.fr\/jardin-morierois\/wp-json\/wp\/v2\/pages\/1108\/revisions\/1109"}],"wp:attachment":[{"href":"https:\/\/84310.fr\/jardin-morierois\/wp-json\/wp\/v2\/media?parent=1108"}],"curies":[{"name":"wp","href":"https:\/\/api.w.org\/{rel}","templated":true}]}}