{"id":1102,"date":"2017-02-15T22:36:28","date_gmt":"2017-02-15T21:36:28","guid":{"rendered":"http:\/\/84310.fr\/jardin-morierois\/?page_id=1102"},"modified":"2017-02-15T22:36:28","modified_gmt":"2017-02-15T21:36:28","slug":"2017-saint-pierre","status":"publish","type":"page","link":"https:\/\/84310.fr\/jardin-morierois\/2017-saint-pierre\/","title":{"rendered":"2017 SAINT PIERRE"},"content":{"rendered":"<p><span style=\"color: #ff0000;\"><strong>15 F\u00e9vrier 2017<\/strong><\/span><\/p>\n<p>j&rsquo;ai retrouv\u00e9 un sachet du commerce dans la boite \u00e0 semence familiale, sachet ouvert et r\u00e9cent, je ne sais pas d\u2019o\u00f9 il sort mais je n&rsquo;en ai pas fait la saison derni\u00e8re &#8230;<\/p>\n<p>36 graines sem\u00e9es.<\/p>\n<p>&nbsp;<\/p>\n","protected":false},"excerpt":{"rendered":"<p>15 F\u00e9vrier 2017 j&rsquo;ai retrouv\u00e9 un sachet du commerce dans la boite \u00e0 semence familiale, sachet ouvert et r\u00e9cent, je ne sais pas d\u2019o\u00f9 il sort mais je n&rsquo;en ai pas fait la saison derni\u00e8re &#8230; 36 graines sem\u00e9es. &nbsp;<\/p>\n","protected":false},"author":1,"featured_media":0,"parent":0,"menu_order":0,"comment_status":"closed","ping_status":"closed","template":"","meta":{"_exactmetrics_skip_tracking":false,"_exactmetrics_sitenote_active":false,"_exactmetrics_sitenote_note":"","_exactmetrics_sitenote_category":0,"footnotes":""},"class_list":["post-1102","page","type-page","status-publish","hentry"],"_links":{"self":[{"href":"https:\/\/84310.fr\/jardin-morierois\/wp-json\/wp\/v2\/pages\/1102","targetHints":{"allow":["GET"]}}],"collection":[{"href":"https:\/\/84310.fr\/jardin-morierois\/wp-json\/wp\/v2\/pages"}],"about":[{"href":"https:\/\/84310.fr\/jardin-morierois\/wp-json\/wp\/v2\/types\/page"}],"author":[{"embeddable":true,"href":"https:\/\/84310.fr\/jardin-morierois\/wp-json\/wp\/v2\/users\/1"}],"replies":[{"embeddable":true,"href":"https:\/\/84310.fr\/jardin-morierois\/wp-json\/wp\/v2\/comments?post=1102"}],"version-history":[{"count":1,"href":"https:\/\/84310.fr\/jardin-morierois\/wp-json\/wp\/v2\/pages\/1102\/revisions"}],"predecessor-version":[{"id":1103,"href":"https:\/\/84310.fr\/jardin-morierois\/wp-json\/wp\/v2\/pages\/1102\/revisions\/1103"}],"wp:attachment":[{"href":"https:\/\/84310.fr\/jardin-morierois\/wp-json\/wp\/v2\/media?parent=1102"}],"curies":[{"name":"wp","href":"https:\/\/api.w.org\/{rel}","templated":true}]}}