{"id":1100,"date":"2017-02-15T22:32:47","date_gmt":"2017-02-15T21:32:47","guid":{"rendered":"http:\/\/84310.fr\/jardin-morierois\/?page_id=1100"},"modified":"2017-02-15T22:32:47","modified_gmt":"2017-02-15T21:32:47","slug":"2017-rose-de-berne","status":"publish","type":"page","link":"https:\/\/84310.fr\/jardin-morierois\/2017-rose-de-berne\/","title":{"rendered":"2017 ROSE DE BERNE"},"content":{"rendered":"<p><span style=\"color: #ff0000;\"><strong>15 F\u00e9vrier 2017<\/strong><\/span><\/p>\n<p>un paquet que j&rsquo;avais achet\u00e9 chez un revendeur Kokopelli au pontet, que je n&rsquo;avais pas ouvert l&rsquo;ann\u00e9e derni\u00e8re car on m&rsquo;en avait d\u00e9j\u00e0 procur\u00e9.<br \/>\nNous allons voir ce que vaut la semence.<\/p>\n<p>46 graines sem\u00e9es.<\/p>\n<p>&nbsp;<\/p>\n<p>&nbsp;<\/p>\n","protected":false},"excerpt":{"rendered":"<p>15 F\u00e9vrier 2017 un paquet que j&rsquo;avais achet\u00e9 chez un revendeur Kokopelli au pontet, que je n&rsquo;avais pas ouvert l&rsquo;ann\u00e9e derni\u00e8re car on m&rsquo;en avait d\u00e9j\u00e0 procur\u00e9. Nous allons voir ce que vaut la semence. 46 graines sem\u00e9es. &nbsp; &nbsp;<\/p>\n","protected":false},"author":1,"featured_media":0,"parent":0,"menu_order":0,"comment_status":"closed","ping_status":"closed","template":"","meta":{"_exactmetrics_skip_tracking":false,"_exactmetrics_sitenote_active":false,"_exactmetrics_sitenote_note":"","_exactmetrics_sitenote_category":0,"footnotes":""},"class_list":["post-1100","page","type-page","status-publish","hentry"],"_links":{"self":[{"href":"https:\/\/84310.fr\/jardin-morierois\/wp-json\/wp\/v2\/pages\/1100","targetHints":{"allow":["GET"]}}],"collection":[{"href":"https:\/\/84310.fr\/jardin-morierois\/wp-json\/wp\/v2\/pages"}],"about":[{"href":"https:\/\/84310.fr\/jardin-morierois\/wp-json\/wp\/v2\/types\/page"}],"author":[{"embeddable":true,"href":"https:\/\/84310.fr\/jardin-morierois\/wp-json\/wp\/v2\/users\/1"}],"replies":[{"embeddable":true,"href":"https:\/\/84310.fr\/jardin-morierois\/wp-json\/wp\/v2\/comments?post=1100"}],"version-history":[{"count":1,"href":"https:\/\/84310.fr\/jardin-morierois\/wp-json\/wp\/v2\/pages\/1100\/revisions"}],"predecessor-version":[{"id":1101,"href":"https:\/\/84310.fr\/jardin-morierois\/wp-json\/wp\/v2\/pages\/1100\/revisions\/1101"}],"wp:attachment":[{"href":"https:\/\/84310.fr\/jardin-morierois\/wp-json\/wp\/v2\/media?parent=1100"}],"curies":[{"name":"wp","href":"https:\/\/api.w.org\/{rel}","templated":true}]}}