{"id":1098,"date":"2017-02-15T22:30:39","date_gmt":"2017-02-15T21:30:39","guid":{"rendered":"http:\/\/84310.fr\/jardin-morierois\/?page_id=1098"},"modified":"2017-02-15T22:30:39","modified_gmt":"2017-02-15T21:30:39","slug":"2017-persimon","status":"publish","type":"page","link":"https:\/\/84310.fr\/jardin-morierois\/2017-persimon\/","title":{"rendered":"2017 PERSIMON"},"content":{"rendered":"<p><span style=\"color: #ff0000;\"><strong>15 F\u00e9vrier 2017<\/strong><\/span><\/p>\n<p>Cette Vari\u00e9t\u00e9 donne de grosse tomates Oranges, de bon gout.<\/p>\n<p>Cette Ann\u00e9e, je la refais de nouveau.<\/p>\n<p>37 graines sem\u00e9es.<\/p>\n<p>&nbsp;<\/p>\n","protected":false},"excerpt":{"rendered":"<p>15 F\u00e9vrier 2017 Cette Vari\u00e9t\u00e9 donne de grosse tomates Oranges, de bon gout. Cette Ann\u00e9e, je la refais de nouveau. 37 graines sem\u00e9es. &nbsp;<\/p>\n","protected":false},"author":1,"featured_media":0,"parent":0,"menu_order":0,"comment_status":"closed","ping_status":"closed","template":"","meta":{"_exactmetrics_skip_tracking":false,"_exactmetrics_sitenote_active":false,"_exactmetrics_sitenote_note":"","_exactmetrics_sitenote_category":0,"footnotes":""},"class_list":["post-1098","page","type-page","status-publish","hentry"],"_links":{"self":[{"href":"https:\/\/84310.fr\/jardin-morierois\/wp-json\/wp\/v2\/pages\/1098","targetHints":{"allow":["GET"]}}],"collection":[{"href":"https:\/\/84310.fr\/jardin-morierois\/wp-json\/wp\/v2\/pages"}],"about":[{"href":"https:\/\/84310.fr\/jardin-morierois\/wp-json\/wp\/v2\/types\/page"}],"author":[{"embeddable":true,"href":"https:\/\/84310.fr\/jardin-morierois\/wp-json\/wp\/v2\/users\/1"}],"replies":[{"embeddable":true,"href":"https:\/\/84310.fr\/jardin-morierois\/wp-json\/wp\/v2\/comments?post=1098"}],"version-history":[{"count":1,"href":"https:\/\/84310.fr\/jardin-morierois\/wp-json\/wp\/v2\/pages\/1098\/revisions"}],"predecessor-version":[{"id":1099,"href":"https:\/\/84310.fr\/jardin-morierois\/wp-json\/wp\/v2\/pages\/1098\/revisions\/1099"}],"wp:attachment":[{"href":"https:\/\/84310.fr\/jardin-morierois\/wp-json\/wp\/v2\/media?parent=1098"}],"curies":[{"name":"wp","href":"https:\/\/api.w.org\/{rel}","templated":true}]}}