{"id":1095,"date":"2017-02-15T21:34:06","date_gmt":"2017-02-15T20:34:06","guid":{"rendered":"http:\/\/84310.fr\/jardin-morierois\/?page_id=1095"},"modified":"2017-05-01T20:33:17","modified_gmt":"2017-05-01T19:33:17","slug":"tomates-2017","status":"publish","type":"page","link":"https:\/\/84310.fr\/jardin-morierois\/tomates-2017\/","title":{"rendered":"Tomates 2017"},"content":{"rendered":"<p><span style=\"color: #ff0000;\"><strong>15 F\u00e9vrier 2017<\/strong><\/span> =&gt; D\u00e9but de la saison<\/p>\n<p>La saison derni\u00e8re a \u00e9t\u00e9 une saison Test, pr\u00e8s d&rsquo;une quarantaine de tomates de diff\u00e9rentes couleurs, formes, tailles, go\u00fbts &#8230;. et des greff\u00e9es, des non greff\u00e9es, des avec gourmands, d&rsquo;autres sans gourmands &#8230; le tout class\u00e9, r\u00e9pertori\u00e9,\u00a0 pes\u00e9, comptabilis\u00e9&#8230; et mang\u00e9.<\/p>\n<p>Bilan de la saison derni\u00e8re..<br \/>\n224 Kilos mais beaucoup de travail. Cette ann\u00e9e, une simplification s&rsquo;impose.<br \/>\nD\u00e9j\u00e0 sur la quantit\u00e9 des vari\u00e9t\u00e9s cultiv\u00e9es&#8230; d&rsquo;une quarantaine, je compte passer \u00e0 une douzaine &#8230; une quinzaine grand maximum &#8230;&#8230;<\/p>\n<p>Une \u00e9puration drastique, un retour au classique, aux valeurs sures, moins de test et plus de r\u00e9sultats ( esp\u00e9r\u00e9s )<br \/>\nnous nous sommes rendu compte que malgr\u00e9 toutes les vari\u00e9t\u00e9s, il ne nous a pas \u00e9t\u00e9 possible de faire un plat de tomates farcies, ce qui devrait changer cette ann\u00e9e. Donc, moins de petites tomates, et plus vers les grosses.<\/p>\n<p>Je compte \u00e9galement ne cultiver que des plants greff\u00e9s&#8230; ( si j&rsquo;arrive \u00e0 tout greffer )<br \/>\nde plus l&rsquo;achat de porte greffe Arnold F1 me motive pour mener a bien cette nouvelle saison en plus des porte greffe petit moineaux restants de la saison derni\u00e8re.<\/p>\n<p>Ce jour, <span style=\"color: #ff0000;\"><strong>15 F\u00e9vrier 2017<\/strong><\/span>\u00a0 nous avons sem\u00e9:<\/p>\n<p>36 <a href=\"https:\/\/84310.fr\/jardin-morierois\/2017-marmande\/\">MARMANDES<\/a><\/p>\n<p>36 <a href=\"https:\/\/84310.fr\/jardin-morierois\/2017-saint-pierre\/\">\u00a0SAINT PIERRE<\/a><\/p>\n<p>46 <a href=\"https:\/\/84310.fr\/jardin-morierois\/2017-rose-de-berne\/\">ROSE DE BERNES<\/a> ( de Kokopelli )<\/p>\n<p>36 <a href=\"https:\/\/84310.fr\/jardin-morierois\/2017-beefsteak\/\">\u00a0BEEFSTEAK<\/a><\/p>\n<p>36 <a href=\"https:\/\/84310.fr\/jardin-morierois\/2017-cobra\/\">\u00a0COBRA<\/a><\/p>\n<p>37 <a href=\"https:\/\/84310.fr\/jardin-morierois\/2017-persimon\/\">PERSIMON<\/a><\/p>\n<p>la suite dans quelques jours&#8230;<\/p>\n<p>&nbsp;<\/p>\n<p>&nbsp;<\/p>\n<p><span style=\"color: #ff0000;\"><strong>17 F\u00e9vrier 2017<\/strong><\/span><\/p>\n<p>37 <a href=\"https:\/\/84310.fr\/jardin-morierois\/2017-olympes\/\">OLYMPES<\/a><\/p>\n<p>36 <a href=\"https:\/\/84310.fr\/jardin-morierois\/2017-merveille-des-marches\/\">MERVEILLES DES MARCHES<\/a><\/p>\n<p>36 <a href=\"https:\/\/84310.fr\/jardin-morierois\/2017-pyros\/\">PYROS<\/a><\/p>\n<p>108 <a href=\"https:\/\/84310.fr\/jardin-morierois\/2017-petit-moineau\/\">PETIT MOINEAU<\/a><\/p>\n<p>&nbsp;<\/p>\n<p>&nbsp;<\/p>\n<p><span style=\"color: #ff0000;\"><strong>18 F\u00e9vrier 2017<\/strong><\/span><\/p>\n<p>36 <a href=\"https:\/\/84310.fr\/jardin-morierois\/2017-anciennes-grosses\/\">ANCIENNES GROSSES<\/a><\/p>\n<p>vu qu&rsquo;il me restait un peu de place dans mes damiers \u00e0 semis, je me suis laiss\u00e9 tenter pour quelques vari\u00e9t\u00e9s coup de coeur 2016, \u00e0 savoir :<\/p>\n<p>18 <a href=\"https:\/\/84310.fr\/jardin-morierois\/2017-green-zebra\/\">GREEN ZEBRA<\/a><\/p>\n<p>18 <a href=\"https:\/\/84310.fr\/jardin-morierois\/2017-coeur-de-boeuf\/\">COEUR DE BOEUF<\/a><\/p>\n<p>18 <a href=\"https:\/\/84310.fr\/jardin-morierois\/2017-teton-de-venus-blanche\/\">TETONS DEVENUS BLANCHES<\/a><\/p>\n<p>18 <a href=\"https:\/\/84310.fr\/jardin-morierois\/2017-roma\/\">ROMA ( de Jean Louis notre voisin )<\/a><\/p>\n<p>&nbsp;<\/p>\n<p><span style=\"color: #ff0000;\"><strong>3 Avril 2017<\/strong><\/span><\/p>\n<p>Les plants de tomates ont bien pouss\u00e9, <img loading=\"lazy\" decoding=\"async\" class=\"alignnone size-full wp-image-1191\" src=\"https:\/\/84310.fr\/jardin-morierois\/wp-content\/uploads\/2017\/02\/DSCN3819.jpg\" alt=\"\" width=\"1000\" height=\"750\" srcset=\"https:\/\/84310.fr\/jardin-morierois\/wp-content\/uploads\/2017\/02\/DSCN3819.jpg 1000w, https:\/\/84310.fr\/jardin-morierois\/wp-content\/uploads\/2017\/02\/DSCN3819-300x225.jpg 300w, https:\/\/84310.fr\/jardin-morierois\/wp-content\/uploads\/2017\/02\/DSCN3819-768x576.jpg 768w\" sizes=\"auto, (max-width: 1000px) 100vw, 1000px\" \/><\/p>\n<p>presque 90% de\u00a0 lev\u00e9e &#8230;. soit 412 sur 462 graines &#8230;.<\/p>\n<p><img loading=\"lazy\" decoding=\"async\" class=\"alignnone size-full wp-image-1212\" src=\"https:\/\/84310.fr\/jardin-morierois\/wp-content\/uploads\/2017\/02\/DSCN3840.jpg\" alt=\"\" width=\"1000\" height=\"750\" srcset=\"https:\/\/84310.fr\/jardin-morierois\/wp-content\/uploads\/2017\/02\/DSCN3840.jpg 1000w, https:\/\/84310.fr\/jardin-morierois\/wp-content\/uploads\/2017\/02\/DSCN3840-300x225.jpg 300w, https:\/\/84310.fr\/jardin-morierois\/wp-content\/uploads\/2017\/02\/DSCN3840-768x576.jpg 768w\" sizes=\"auto, (max-width: 1000px) 100vw, 1000px\" \/><\/p>\n<p>pour ce qui est des porte greffe, pour l&rsquo;instant 79% des graines ont lev\u00e9, ce n&rsquo;est pas fini car j&rsquo;ai du resemer une centaine de graines en plus &#8230; la premi\u00e8re sem\u00e9e ayant pris du retard \u00e0 lever.<img loading=\"lazy\" decoding=\"async\" class=\"alignnone size-full wp-image-1213\" src=\"https:\/\/84310.fr\/jardin-morierois\/wp-content\/uploads\/2017\/02\/DSCN3841.jpg\" alt=\"\" width=\"1000\" height=\"750\" srcset=\"https:\/\/84310.fr\/jardin-morierois\/wp-content\/uploads\/2017\/02\/DSCN3841.jpg 1000w, https:\/\/84310.fr\/jardin-morierois\/wp-content\/uploads\/2017\/02\/DSCN3841-300x225.jpg 300w, https:\/\/84310.fr\/jardin-morierois\/wp-content\/uploads\/2017\/02\/DSCN3841-768x576.jpg 768w\" sizes=\"auto, (max-width: 1000px) 100vw, 1000px\" \/><\/p>\n<p>la deuxi\u00e8me vague des petits moineau &#8230;.<\/p>\n<p>soit un total porte greffe + greffon 658 lev\u00e9s sur 774 &#8230;. pour l&rsquo;instant car tous les petits moineaux ne sont pas encore sortis .. ce qui porte \u00e0 85% de r\u00e9ussite<\/p>\n<p><span style=\"color: #ff0000;\"><strong>9 Avril 2017<\/strong><\/span><\/p>\n<p><span style=\"color: #ff6600;\"><strong>Premi\u00e8re s\u00e9ance de greffe :<\/strong><\/span><\/p>\n<p>M\u00e9thode : Greffe de t\u00eate \u00e0 la japonaise<br \/>\nQuantit\u00e9 : 13 Plants ( 1 de chaque vari\u00e9t\u00e9 )<br \/>\nPorte greffe : Arnold<\/p>\n<p><span style=\"color: #ff0000;\"><strong>13 Avril 2017<\/strong><\/span><\/p>\n<p><strong><span style=\"color: #ff6600;\">Deuxi\u00e8me s\u00e9ance de greffe :<\/span><\/strong><\/p>\n<p>M\u00e9thode : Greffe au cure dent<br \/>\nQuantit\u00e9 : 13 Plants ( 1 de chaque vari\u00e9t\u00e9 )<br \/>\nPorte greffe : Arnold<\/p>\n<p>et<\/p>\n<p>M\u00e9thode : Greffe par rapprochement<br \/>\nQuantit\u00e9 : 12 Plants ( 1 de chaque vari\u00e9t\u00e9 sauf un que j&rsquo;ai coup\u00e9 en plein que j&rsquo;ai du greffer \u00e0 a japonaise pour le r\u00e9cup\u00e9rer )<br \/>\nPorte greffe : Arnold<\/p>\n<p><span style=\"color: #ff0000;\"><strong>14 Avril 2017<\/strong><\/span><\/p>\n<p><strong><span style=\"color: #ff6600;\">Troisi\u00e8me s\u00e9ance de greffe :<\/span><\/strong><\/p>\n<p>M\u00e9thode : Greffe en fente<br \/>\nQuantit\u00e9 : 13 Plants ( 1 de chaque vari\u00e9t\u00e9 )<br \/>\nPorte greffe : Arnold<\/p>\n<p>et<\/p>\n<p><strong><span style=\"color: #ff6600;\">Troisi\u00e8me s\u00e9ance de greffe :<\/span><\/strong><\/p>\n<p>M\u00e9thode : Greffe en fente<br \/>\nQuantit\u00e9 : 13 Plants ( 1 de chaque vari\u00e9t\u00e9 )<br \/>\nPorte greffe : Petit Moineau<\/p>\n<p>\u00e0 ce jour <span style=\"color: #ff0000;\"><strong>65 plants de greff\u00e9s<\/strong><\/span><br \/>\nNouveaut\u00e9 : n&rsquo;ayant pas assez de bouteilles de coca ou d&rsquo;eau pour faire des mini serres, j&rsquo;ai directement mis les plants greffes sous une grosse boite de polystyr\u00e8ne ( r\u00e9cup poissonnerie Auchan ) pour faire une mini serre.<\/p>\n<p><span style=\"color: #ff0000;\"><strong>15 Avril 2017<\/strong><\/span><\/p>\n<p><strong><span style=\"color: #ff6600;\">Quatri\u00e8me s\u00e9ance de greffe :<\/span><\/strong><\/p>\n<p>M\u00e9thode : Greffe au fil de cuivre<br \/>\nQuantit\u00e9 : 20 Plants ( 1 de chaque vari\u00e9t\u00e9 ) + quelques uns de bon diam\u00e8tre<br \/>\nPorte greffe : Arnold<br \/>\n\u00e0 ce jour <span style=\"color: #ff0000;\"><strong>85 plants de greff\u00e9s<\/strong><\/span><\/p>\n<p><span style=\"color: #ff0000;\"><strong>15 Avril 2017<\/strong><\/span><\/p>\n<p><strong><span style=\"color: #ff6600;\">Cinqui\u00e8me s\u00e9ance de greffe :<\/span><\/strong><\/p>\n<p>M\u00e9thode : Cure Dent + T\u00eate \u00e0 la Japonaise<br \/>\nQuantit\u00e9 : 18 Plants ( 1 de chaque vari\u00e9t\u00e9 ) + quelques uns de bon diam\u00e8tre<br \/>\nPorte greffe : Arnold 13 plants + 5 Petit Moineau<br \/>\n\u00e0 ce jour <span style=\"color: #ff0000;\"><strong>103 plants de greff\u00e9s<\/strong><\/span><\/p>\n<p><span style=\"color: #ff0000;\"><strong>20 Avril 2017<\/strong><\/span><\/p>\n<p>voici les porte greffe qu&rsquo;il me reste, ceux ci sont des petits moineaux, encore trop l\u00e9gers pour \u00eatre utilis\u00e9s.<\/p>\n<p><img loading=\"lazy\" decoding=\"async\" class=\"alignnone size-full wp-image-1260\" src=\"https:\/\/84310.fr\/jardin-morierois\/wp-content\/uploads\/2017\/01\/DSCN4104.jpg\" alt=\"\" width=\"1000\" height=\"750\" srcset=\"https:\/\/84310.fr\/jardin-morierois\/wp-content\/uploads\/2017\/01\/DSCN4104.jpg 1000w, https:\/\/84310.fr\/jardin-morierois\/wp-content\/uploads\/2017\/01\/DSCN4104-300x225.jpg 300w, https:\/\/84310.fr\/jardin-morierois\/wp-content\/uploads\/2017\/01\/DSCN4104-768x576.jpg 768w\" sizes=\"auto, (max-width: 1000px) 100vw, 1000px\" \/><\/p>\n<p>presque 90 Petit Moineau en godet<\/p>\n<p><img loading=\"lazy\" decoding=\"async\" class=\"alignnone size-full wp-image-1263\" src=\"https:\/\/84310.fr\/jardin-morierois\/wp-content\/uploads\/2017\/01\/DSCN4107.jpg\" alt=\"\" width=\"600\" height=\"800\" srcset=\"https:\/\/84310.fr\/jardin-morierois\/wp-content\/uploads\/2017\/01\/DSCN4107.jpg 600w, https:\/\/84310.fr\/jardin-morierois\/wp-content\/uploads\/2017\/01\/DSCN4107-225x300.jpg 225w\" sizes=\"auto, (max-width: 600px) 100vw, 600px\" \/><\/p>\n<p>et encore une bonne soixantaine en r\u00e9serve pr\u00eats\u00a0 \u00e0 \u00eatre mis en godets.<\/p>\n<p>&nbsp;<\/p>\n<p><img loading=\"lazy\" decoding=\"async\" class=\"alignnone size-full wp-image-1262\" src=\"https:\/\/84310.fr\/jardin-morierois\/wp-content\/uploads\/2017\/01\/DSCN4106.jpg\" alt=\"\" width=\"1000\" height=\"750\" srcset=\"https:\/\/84310.fr\/jardin-morierois\/wp-content\/uploads\/2017\/01\/DSCN4106.jpg 1000w, https:\/\/84310.fr\/jardin-morierois\/wp-content\/uploads\/2017\/01\/DSCN4106-300x225.jpg 300w, https:\/\/84310.fr\/jardin-morierois\/wp-content\/uploads\/2017\/01\/DSCN4106-768x576.jpg 768w\" sizes=\"auto, (max-width: 1000px) 100vw, 1000px\" \/><\/p>\n<p>Voici ce qu&rsquo;il reste des 13 vari\u00e9t\u00e9s diff\u00e9rentes de tomates qui vont \u00eatre greff\u00e9es sur les porte greffes.<img loading=\"lazy\" decoding=\"async\" class=\"alignnone size-full wp-image-1261\" src=\"https:\/\/84310.fr\/jardin-morierois\/wp-content\/uploads\/2017\/01\/DSCN4105.jpg\" alt=\"\" width=\"1000\" height=\"750\" srcset=\"https:\/\/84310.fr\/jardin-morierois\/wp-content\/uploads\/2017\/01\/DSCN4105.jpg 1000w, https:\/\/84310.fr\/jardin-morierois\/wp-content\/uploads\/2017\/01\/DSCN4105-300x225.jpg 300w, https:\/\/84310.fr\/jardin-morierois\/wp-content\/uploads\/2017\/01\/DSCN4105-768x576.jpg 768w\" sizes=\"auto, (max-width: 1000px) 100vw, 1000px\" \/><\/p>\n<p><span style=\"color: #ff0000;\"><strong>21 Avril 2017<\/strong><\/span><\/p>\n<p><strong><span style=\"color: #ff6600;\">Sixi\u00e8me s\u00e9ance de greffe :<\/span><\/strong><\/p>\n<p>M\u00e9thode : Greffe au Cure dent<br \/>\nQuantit\u00e9 : 13 Plants ( 1 de chaque vari\u00e9t\u00e9 )<br \/>\nPorte greffe : Petit Moineau<\/p>\n<p>M\u00e9thode : Greffe au Cure dent<br \/>\nQuantit\u00e9 : 3 Plants ( il restait les 3 derniers Arnold )<br \/>\nPorte greffe : Arnold<\/p>\n<p>M\u00e9thode : Greffe de t\u00eate \u00e0 la japonaise<br \/>\nQuantit\u00e9 : 4 Plants ( 4 Arnold qui ont repouss\u00e9 apr\u00e8s avoir mis les t\u00eates dans l&rsquo;eau )<br \/>\nPorte greffe : Arnold<br \/>\n\u00e0 ce jour <span style=\"color: #ff0000;\"><strong>123 plants de greff\u00e9s<\/strong><\/span><\/p>\n<p><strong><span style=\"color: #ff0000;\">22 Avril 2017<\/span><br \/>\n<\/strong><\/p>\n<p><span style=\"color: #ff6600;\"><strong>Septi\u00e8me s\u00e9ance de greffe :<\/strong><\/span><\/p>\n<p>M\u00e9thode : T\u00eate \u00e0 la Japonaise<br \/>\nQuantit\u00e9 : 8 Plants ( les 8 vari\u00e9t\u00e9s qui n&rsquo;avaient pas encore \u00e9t\u00e9 greff\u00e9es)<br \/>\nPorte greffe :\u00a0 Petit Moineau<br \/>\n\u00e0 ce jour <span style=\"color: #ff0000;\"><strong>131 plants de greff\u00e9s<\/strong><\/span><\/p>\n<p><strong><span style=\"color: #ff0000;\">23 Avril 2017<\/span><\/strong><\/p>\n<p><span style=\"color: #ff6600;\"><strong>Septi\u00e8me s\u00e9ance de greffe :<\/strong><\/span><\/p>\n<p>M\u00e9thode : T\u00eate \u00e0 la Japonaise<br \/>\nQuantit\u00e9 : 9 Plants ( des vari\u00e9t\u00e9s d\u00e9j\u00e0 greff\u00e9es )<br \/>\nPorte greffe :\u00a0 Petit Moineau<br \/>\n\u00e0 ce jour <span style=\"color: #ff0000;\"><strong>140 plants de greff\u00e9s<\/strong><\/span><\/p>\n<p><strong><span style=\"color: #ff0000;\">24 Avril 2017<\/span><\/strong><\/p>\n<p><span style=\"color: #ff6600;\"><strong>Huiti\u00e8me s\u00e9ance de greffe :<\/strong><\/span><\/p>\n<p>M\u00e9thode : T\u00eate \u00e0 la Japonaise<br \/>\nQuantit\u00e9 : 5 Plants<br \/>\nPorte greffe :\u00a0 Arnold ( de Repousse apr\u00e8s trempage )<\/p>\n<p>M\u00e9thode : Fente<br \/>\nQuantit\u00e9 : 10 Plants<br \/>\nPorte greffe :\u00a0 Petit Moineau<\/p>\n<p>M\u00e9thode : Rapprochement<br \/>\nQuantit\u00e9 : 10 Plants<br \/>\nPorte greffe :\u00a0 Petit Moineau<br \/>\nBeaucoup de perte \u00e0 pr\u00e9voir dans cette s\u00e9rie, les porte greffe Petit Moineau se retrouvent plus fins que les greffons, cela va \u00eatre difficile car la stabilit\u00e9 du rapprochement se trouve compromise.<\/p>\n<p>\u00e0 ce jour <span style=\"color: #ff0000;\"><strong>165 plants de greff\u00e9s<\/strong><\/span><\/p>\n<p><span style=\"color: #3366ff;\"><strong>IMPORTANT :<\/strong><\/span><br \/>\n<strong><span style=\"color: #3366ff;\">J&rsquo;ai essay\u00e9 de sortir mes premiers plants greff\u00e9s a l&rsquo;air libre ( dans un cabanon, pas dehors ) hors de leur serre, mais au bout d&rsquo;un couple d&rsquo;heure, j&rsquo;ai du remettre soit des bouteilles de coca soit le haut d&rsquo;une serre car la majorit\u00e9 des plants a eu un petit coup de mou, et les feuilles et tiges sont devenues toutes molles. je vais attendre encore quelques jours pour renouveler l&rsquo;exp\u00e9rience.<\/span><\/strong><\/p>\n<p><strong><span style=\"color: #ff0000;\">26 Avril 2017<\/span><\/strong><\/p>\n<p>La premi\u00e8re greffe a passer l\u2019arme a gauche est un plant de <strong>Rose de Berne<\/strong>, greff\u00e9 <strong>au fil de cuivre<\/strong> sur de l<strong>\u2018Arnold<\/strong> . Le plant au dessus de la greffe est tout n\u00e9cros\u00e9 .. noir et tr\u00e8s mince, le plant s\u2019est repli\u00e9 sur lui m\u00eame sous le poids des rares feuilles.<br \/>\nJe vais essayer de r\u00e9cup\u00e9rer l\u2019Arnold pour greffer autre chose dessus, si possible pas au fil de cuivre \u2026.<\/p>\n<p><strong><span style=\"color: #ff0000;\">1er Mai\u00a0 2017<\/span><\/strong><\/p>\n<p>Une des derni\u00e8res s\u00e9ance de greffe \u2026 47 plants greff\u00e9s aujourd\u2019hui \u2026Arnold et Petit Moineau ..diverses vari\u00e9t\u00e9s mais toutes \u00e0 la m\u00e9thode de la Fente.<\/p>\n<p>pour l&rsquo;instant 16 Greffes \u00e9chou\u00e9es\/ 212 =&gt; 7.55 %<\/p>\n<p>\u00e0 ce jour <span style=\"color: #ff0000;\"><strong>212 plants de greff\u00e9s<\/strong><\/span><\/p>\n","protected":false},"excerpt":{"rendered":"<p>15 F\u00e9vrier 2017 =&gt; D\u00e9but de la saison La saison derni\u00e8re a \u00e9t\u00e9 une saison Test, pr\u00e8s d&rsquo;une quarantaine de tomates de diff\u00e9rentes couleurs, formes, tailles, go\u00fbts &#8230;. et des greff\u00e9es, des non greff\u00e9es, des avec gourmands, d&rsquo;autres sans gourmands&hellip; <\/p>\n","protected":false},"author":1,"featured_media":0,"parent":0,"menu_order":0,"comment_status":"closed","ping_status":"closed","template":"","meta":{"_exactmetrics_skip_tracking":false,"_exactmetrics_sitenote_active":false,"_exactmetrics_sitenote_note":"","_exactmetrics_sitenote_category":0,"footnotes":""},"class_list":["post-1095","page","type-page","status-publish","hentry"],"_links":{"self":[{"href":"https:\/\/84310.fr\/jardin-morierois\/wp-json\/wp\/v2\/pages\/1095","targetHints":{"allow":["GET"]}}],"collection":[{"href":"https:\/\/84310.fr\/jardin-morierois\/wp-json\/wp\/v2\/pages"}],"about":[{"href":"https:\/\/84310.fr\/jardin-morierois\/wp-json\/wp\/v2\/types\/page"}],"author":[{"embeddable":true,"href":"https:\/\/84310.fr\/jardin-morierois\/wp-json\/wp\/v2\/users\/1"}],"replies":[{"embeddable":true,"href":"https:\/\/84310.fr\/jardin-morierois\/wp-json\/wp\/v2\/comments?post=1095"}],"version-history":[{"count":17,"href":"https:\/\/84310.fr\/jardin-morierois\/wp-json\/wp\/v2\/pages\/1095\/revisions"}],"predecessor-version":[{"id":1312,"href":"https:\/\/84310.fr\/jardin-morierois\/wp-json\/wp\/v2\/pages\/1095\/revisions\/1312"}],"wp:attachment":[{"href":"https:\/\/84310.fr\/jardin-morierois\/wp-json\/wp\/v2\/media?parent=1095"}],"curies":[{"name":"wp","href":"https:\/\/api.w.org\/{rel}","templated":true}]}}