{"id":1050,"date":"2017-01-29T18:36:15","date_gmt":"2017-01-29T17:36:15","guid":{"rendered":"http:\/\/84310.fr\/jardin-morierois\/?page_id=1050"},"modified":"2017-04-20T21:12:16","modified_gmt":"2017-04-20T20:12:16","slug":"phenoprojet","status":"publish","type":"page","link":"https:\/\/84310.fr\/jardin-morierois\/phenoprojet\/","title":{"rendered":"ph\u00e9noPROJET"},"content":{"rendered":"<p><span style=\"color: #ff0000;\"><strong>23 Janvier 2017<\/strong><\/span><\/p>\n<p>je voudrai essayer la ph\u00e9noculture, car rien que l\u2019id\u00e9e de ne pas travailler me plait beaucoup.<br \/>\nsur le bon coin, j\u2019ai d\u00e9got\u00e9 dans ma proximit\u00e9, une personne qui vendait des bottes de foin \u2026<\/p>\n<p>10 Euros pi\u00e8ce, correct je n\u2019ai pas trop cherch\u00e9 \u2026 j\u2019en ai pris deux pour commencer\u2026<\/p>\n<p><img loading=\"lazy\" decoding=\"async\" class=\"alignnone size-full wp-image-1033\" src=\"https:\/\/84310.fr\/jardin-morierois\/wp-content\/uploads\/2016\/09\/DSCN3237.jpg\" sizes=\"auto, (max-width: 800px) 100vw, 800px\" srcset=\"https:\/\/84310.fr\/jardin-morierois\/wp-content\/uploads\/2016\/09\/DSCN3237.jpg 800w, https:\/\/84310.fr\/jardin-morierois\/wp-content\/uploads\/2016\/09\/DSCN3237-300x225.jpg 300w, https:\/\/84310.fr\/jardin-morierois\/wp-content\/uploads\/2016\/09\/DSCN3237-768x576.jpg 768w\" alt=\"\" width=\"800\" height=\"600\" \/><\/p>\n<p>dans le jardin, il reste une petit coin inutilis\u00e9 que personne ne veut prendre \u2026<img loading=\"lazy\" decoding=\"async\" class=\"alignnone size-full wp-image-1032\" src=\"https:\/\/84310.fr\/jardin-morierois\/wp-content\/uploads\/2016\/09\/DSCN3236.jpg\" sizes=\"auto, (max-width: 800px) 100vw, 800px\" srcset=\"https:\/\/84310.fr\/jardin-morierois\/wp-content\/uploads\/2016\/09\/DSCN3236.jpg 800w, https:\/\/84310.fr\/jardin-morierois\/wp-content\/uploads\/2016\/09\/DSCN3236-300x225.jpg 300w, https:\/\/84310.fr\/jardin-morierois\/wp-content\/uploads\/2016\/09\/DSCN3236-768x576.jpg 768w\" alt=\"\" width=\"800\" height=\"600\" \/><\/p>\n<p>l\u2019endroit sera ensoleill\u00e9 de midi jusqu\u2019au soir l\u2019\u00e9t\u00e9 \u2026. <img loading=\"lazy\" decoding=\"async\" class=\"alignnone size-full wp-image-1031\" src=\"https:\/\/84310.fr\/jardin-morierois\/wp-content\/uploads\/2016\/09\/DSCN3233.jpg\" sizes=\"auto, (max-width: 800px) 100vw, 800px\" srcset=\"https:\/\/84310.fr\/jardin-morierois\/wp-content\/uploads\/2016\/09\/DSCN3233.jpg 800w, https:\/\/84310.fr\/jardin-morierois\/wp-content\/uploads\/2016\/09\/DSCN3233-300x225.jpg 300w, https:\/\/84310.fr\/jardin-morierois\/wp-content\/uploads\/2016\/09\/DSCN3233-768x576.jpg 768w\" alt=\"\" width=\"800\" height=\"600\" \/><\/p>\n<p>au sol, un peu de BRF ancien ( ann\u00e9e derni\u00e8re ) mais pas ou tr\u00e8s peu de v\u00e9g\u00e9tation.<img loading=\"lazy\" decoding=\"async\" class=\"alignnone size-full wp-image-1030\" src=\"https:\/\/84310.fr\/jardin-morierois\/wp-content\/uploads\/2016\/09\/DSCN3231.jpg\" sizes=\"auto, (max-width: 800px) 100vw, 800px\" srcset=\"https:\/\/84310.fr\/jardin-morierois\/wp-content\/uploads\/2016\/09\/DSCN3231.jpg 800w, https:\/\/84310.fr\/jardin-morierois\/wp-content\/uploads\/2016\/09\/DSCN3231-300x225.jpg 300w, https:\/\/84310.fr\/jardin-morierois\/wp-content\/uploads\/2016\/09\/DSCN3231-768x576.jpg 768w\" alt=\"\" width=\"800\" height=\"600\" \/>c\u2019\u00e9tait l\u2019ancien poulailler, qui \u00e9tait st\u00e9rile depuis de longues ann\u00e9es, \u00e0 cause des volailles qui ne laissaient rien pousser.<\/p>\n<p><img loading=\"lazy\" decoding=\"async\" class=\"alignnone size-full wp-image-1036\" src=\"https:\/\/84310.fr\/jardin-morierois\/wp-content\/uploads\/2016\/09\/DSCN3240.jpg\" sizes=\"auto, (max-width: 800px) 100vw, 800px\" srcset=\"https:\/\/84310.fr\/jardin-morierois\/wp-content\/uploads\/2016\/09\/DSCN3240.jpg 800w, https:\/\/84310.fr\/jardin-morierois\/wp-content\/uploads\/2016\/09\/DSCN3240-300x225.jpg 300w, https:\/\/84310.fr\/jardin-morierois\/wp-content\/uploads\/2016\/09\/DSCN3240-768x576.jpg 768w\" alt=\"\" width=\"800\" height=\"600\" \/><\/p>\n<p>si on zoome un peu, on aper\u00e7oit des turricules ( crottes de vers de terre,Lombrics ).<\/p>\n<p>il y a de la vie la dessous !!! on va essayer de l\u2019exploiter !!!<\/p>\n<p>d\u00e9fi relev\u00e9, suite au prochain \u00e9pisode.<\/p>\n<p><span style=\"color: #ff0000;\"><strong>29 Janvier 2017<\/strong><\/span><\/p>\n<p>c&rsquo;est le jour !!!! en ce joli Dimanche de Janvier le climat \u00e9tait tr\u00e8s doux, ( on se serait cru en d\u00e9but d&rsquo;\u00e9t\u00e9 ) nous en avons profit\u00e9 pour commencer le PermaPROJET.<\/p>\n<p><img loading=\"lazy\" decoding=\"async\" class=\"alignnone size-full wp-image-1068\" src=\"https:\/\/84310.fr\/jardin-morierois\/wp-content\/uploads\/2017\/01\/DSCN3241.jpg\" alt=\"\" width=\"800\" height=\"600\" srcset=\"https:\/\/84310.fr\/jardin-morierois\/wp-content\/uploads\/2017\/01\/DSCN3241.jpg 800w, https:\/\/84310.fr\/jardin-morierois\/wp-content\/uploads\/2017\/01\/DSCN3241-300x225.jpg 300w, https:\/\/84310.fr\/jardin-morierois\/wp-content\/uploads\/2017\/01\/DSCN3241-768x576.jpg 768w\" sizes=\"auto, (max-width: 800px) 100vw, 800px\" \/><\/p>\n<p>Comme d&rsquo;habitude co\u00fbt du projet =&gt; proche de Z\u00e9ro. ( quelques vis et de vieilles planches de r\u00e9cup\u00e9ration.)<img loading=\"lazy\" decoding=\"async\" class=\"alignnone size-full wp-image-1067\" src=\"https:\/\/84310.fr\/jardin-morierois\/wp-content\/uploads\/2017\/01\/DSCN3242.jpg\" alt=\"\" width=\"800\" height=\"600\" srcset=\"https:\/\/84310.fr\/jardin-morierois\/wp-content\/uploads\/2017\/01\/DSCN3242.jpg 800w, https:\/\/84310.fr\/jardin-morierois\/wp-content\/uploads\/2017\/01\/DSCN3242-300x225.jpg 300w, https:\/\/84310.fr\/jardin-morierois\/wp-content\/uploads\/2017\/01\/DSCN3242-768x576.jpg 768w\" sizes=\"auto, (max-width: 800px) 100vw, 800px\" \/><\/p>\n<p>Les planches n&rsquo;ont d&rsquo;autre utilit\u00e9 que d\u2019emp\u00eacher le foin de s&rsquo;envoler, n&rsquo;oublions pas que nous sommes dans une r\u00e9gion ou le Mistral s&rsquo;en donne \u00e0 c\u0153ur joie !!!<\/p>\n<p><img loading=\"lazy\" decoding=\"async\" class=\"alignnone size-full wp-image-1066\" src=\"https:\/\/84310.fr\/jardin-morierois\/wp-content\/uploads\/2017\/01\/DSCN3243.jpg\" alt=\"\" width=\"800\" height=\"600\" srcset=\"https:\/\/84310.fr\/jardin-morierois\/wp-content\/uploads\/2017\/01\/DSCN3243.jpg 800w, https:\/\/84310.fr\/jardin-morierois\/wp-content\/uploads\/2017\/01\/DSCN3243-300x225.jpg 300w, https:\/\/84310.fr\/jardin-morierois\/wp-content\/uploads\/2017\/01\/DSCN3243-768x576.jpg 768w\" sizes=\"auto, (max-width: 800px) 100vw, 800px\" \/><\/p>\n<p>un montage sommaire &#8230;et l\u00e9ger &#8230;<\/p>\n<p><img loading=\"lazy\" decoding=\"async\" class=\"alignnone size-full wp-image-1065\" src=\"https:\/\/84310.fr\/jardin-morierois\/wp-content\/uploads\/2017\/01\/DSCN3246.jpg\" alt=\"\" width=\"800\" height=\"600\" srcset=\"https:\/\/84310.fr\/jardin-morierois\/wp-content\/uploads\/2017\/01\/DSCN3246.jpg 800w, https:\/\/84310.fr\/jardin-morierois\/wp-content\/uploads\/2017\/01\/DSCN3246-300x225.jpg 300w, https:\/\/84310.fr\/jardin-morierois\/wp-content\/uploads\/2017\/01\/DSCN3246-768x576.jpg 768w\" sizes=\"auto, (max-width: 800px) 100vw, 800px\" \/><\/p>\n<p><img loading=\"lazy\" decoding=\"async\" class=\"alignnone size-full wp-image-1064\" src=\"https:\/\/84310.fr\/jardin-morierois\/wp-content\/uploads\/2017\/01\/DSCN3250.jpg\" alt=\"\" width=\"800\" height=\"600\" srcset=\"https:\/\/84310.fr\/jardin-morierois\/wp-content\/uploads\/2017\/01\/DSCN3250.jpg 800w, https:\/\/84310.fr\/jardin-morierois\/wp-content\/uploads\/2017\/01\/DSCN3250-300x225.jpg 300w, https:\/\/84310.fr\/jardin-morierois\/wp-content\/uploads\/2017\/01\/DSCN3250-768x576.jpg 768w\" sizes=\"auto, (max-width: 800px) 100vw, 800px\" \/><\/p>\n<p>h\u00e9 non, je n&rsquo;irai pas \u00e0 l&rsquo;encontre du principe de ne pas travailler la terre &#8230;. quelques \u00a0\u00bb clos \u00a0\u00bb d&rsquo;iris \u00e9taient dans la zone du projet, et ont juste \u00e9t\u00e9 d\u00e9plac\u00e9s de quelques m\u00e8tres pour ne pas interf\u00e9rer avec l&rsquo;exp\u00e9rience de Ph\u00e9noculture. <img loading=\"lazy\" decoding=\"async\" class=\"alignnone size-full wp-image-1063\" src=\"https:\/\/84310.fr\/jardin-morierois\/wp-content\/uploads\/2017\/01\/DSCN3251.jpg\" alt=\"\" width=\"800\" height=\"600\" srcset=\"https:\/\/84310.fr\/jardin-morierois\/wp-content\/uploads\/2017\/01\/DSCN3251.jpg 800w, https:\/\/84310.fr\/jardin-morierois\/wp-content\/uploads\/2017\/01\/DSCN3251-300x225.jpg 300w, https:\/\/84310.fr\/jardin-morierois\/wp-content\/uploads\/2017\/01\/DSCN3251-768x576.jpg 768w\" sizes=\"auto, (max-width: 800px) 100vw, 800px\" \/><\/p>\n<p>le reste du foin&#8230; apr\u00e8s le \u00a0\u00bb foinage\u00a0\u00bb des gourmands<\/p>\n<p><img loading=\"lazy\" decoding=\"async\" class=\"alignnone size-full wp-image-1060\" src=\"https:\/\/84310.fr\/jardin-morierois\/wp-content\/uploads\/2017\/01\/DSCN3254.jpg\" alt=\"\" width=\"800\" height=\"600\" srcset=\"https:\/\/84310.fr\/jardin-morierois\/wp-content\/uploads\/2017\/01\/DSCN3254.jpg 800w, https:\/\/84310.fr\/jardin-morierois\/wp-content\/uploads\/2017\/01\/DSCN3254-300x225.jpg 300w, https:\/\/84310.fr\/jardin-morierois\/wp-content\/uploads\/2017\/01\/DSCN3254-768x576.jpg 768w\" sizes=\"auto, (max-width: 800px) 100vw, 800px\" \/> une bonne couche de 15-20 cm de foin est \u00e9parpill\u00e9e dans la Zone.<br \/>\nmaintenant &#8230; l&rsquo;important &#8230; c&rsquo;est de ne rien faire. Laissons passer l&rsquo;hiver, la pluie, le froid,et surtout laissons travailler nos vers de terre, nos bact\u00e9ries, et tout ce qui grouille sous la surface .<\/p>\n<p><span style=\"color: #ff0000;\"><strong>20 Avril 2017<\/strong><\/span><\/p>\n<p><img loading=\"lazy\" decoding=\"async\" class=\"alignnone size-full wp-image-1266\" src=\"https:\/\/84310.fr\/jardin-morierois\/wp-content\/uploads\/2017\/01\/DSCN4110.jpg\" alt=\"\" width=\"1000\" height=\"1333\" srcset=\"https:\/\/84310.fr\/jardin-morierois\/wp-content\/uploads\/2017\/01\/DSCN4110.jpg 1000w, https:\/\/84310.fr\/jardin-morierois\/wp-content\/uploads\/2017\/01\/DSCN4110-225x300.jpg 225w, https:\/\/84310.fr\/jardin-morierois\/wp-content\/uploads\/2017\/01\/DSCN4110-768x1024.jpg 768w\" sizes=\"auto, (max-width: 1000px) 100vw, 1000px\" \/><\/p>\n<p>Voila l&rsquo;\u00e9volution du Ph\u00e9noprojet en trois mois, le foin s&rsquo;est bien tass\u00e9, Nous y avons rajout\u00e9 un peu de tonte de temps en temps<\/p>\n<p><img loading=\"lazy\" decoding=\"async\" class=\"alignnone size-full wp-image-1267\" src=\"https:\/\/84310.fr\/jardin-morierois\/wp-content\/uploads\/2017\/01\/DSCN4111.jpg\" alt=\"\" width=\"750\" height=\"1000\" srcset=\"https:\/\/84310.fr\/jardin-morierois\/wp-content\/uploads\/2017\/01\/DSCN4111.jpg 750w, https:\/\/84310.fr\/jardin-morierois\/wp-content\/uploads\/2017\/01\/DSCN4111-225x300.jpg 225w\" sizes=\"auto, (max-width: 750px) 100vw, 750px\" \/><\/p>\n<p>Aujourd&rsquo;hui, plantage de Salades, deux sortes, ( Laitue du bon jardinier et une autre pomm\u00e9e )<\/p>\n<p><img loading=\"lazy\" decoding=\"async\" class=\"alignnone size-full wp-image-1268\" src=\"https:\/\/84310.fr\/jardin-morierois\/wp-content\/uploads\/2017\/01\/DSCN4112.jpg\" alt=\"\" width=\"750\" height=\"1000\" srcset=\"https:\/\/84310.fr\/jardin-morierois\/wp-content\/uploads\/2017\/01\/DSCN4112.jpg 750w, https:\/\/84310.fr\/jardin-morierois\/wp-content\/uploads\/2017\/01\/DSCN4112-225x300.jpg 225w\" sizes=\"auto, (max-width: 750px) 100vw, 750px\" \/><\/p>\n<p>10 Salades de chaque sorte ont \u00e9t\u00e9 plant\u00e9es, elles viennent juste d&rsquo;\u00e0 cot\u00e9, dans l&rsquo;espace du Permaprojet .. j&rsquo;avais sem\u00e9 deux zones \u00e0 la vol\u00e9e , et tout ou presque a lev\u00e9. j&rsquo;en ai profit\u00e9 pour \u00e9claircir car trop de densit\u00e9. ( ci dessous sur le cot\u00e9 gauche )<img loading=\"lazy\" decoding=\"async\" class=\"alignnone size-full wp-image-1264\" src=\"https:\/\/84310.fr\/jardin-morierois\/wp-content\/uploads\/2017\/01\/DSCN4108.jpg\" alt=\"\" width=\"1000\" height=\"1333\" srcset=\"https:\/\/84310.fr\/jardin-morierois\/wp-content\/uploads\/2017\/01\/DSCN4108.jpg 1000w, https:\/\/84310.fr\/jardin-morierois\/wp-content\/uploads\/2017\/01\/DSCN4108-225x300.jpg 225w, https:\/\/84310.fr\/jardin-morierois\/wp-content\/uploads\/2017\/01\/DSCN4108-768x1024.jpg 768w\" sizes=\"auto, (max-width: 1000px) 100vw, 1000px\" \/><\/p>\n<p>&nbsp;<\/p>\n","protected":false},"excerpt":{"rendered":"<p>23 Janvier 2017 je voudrai essayer la ph\u00e9noculture, car rien que l\u2019id\u00e9e de ne pas travailler me plait beaucoup. sur le bon coin, j\u2019ai d\u00e9got\u00e9 dans ma proximit\u00e9, une personne qui vendait des bottes de foin \u2026 10 Euros pi\u00e8ce,&hellip; <\/p>\n","protected":false},"author":1,"featured_media":0,"parent":0,"menu_order":0,"comment_status":"closed","ping_status":"closed","template":"","meta":{"_exactmetrics_skip_tracking":false,"_exactmetrics_sitenote_active":false,"_exactmetrics_sitenote_note":"","_exactmetrics_sitenote_category":0,"footnotes":""},"class_list":["post-1050","page","type-page","status-publish","hentry"],"_links":{"self":[{"href":"https:\/\/84310.fr\/jardin-morierois\/wp-json\/wp\/v2\/pages\/1050","targetHints":{"allow":["GET"]}}],"collection":[{"href":"https:\/\/84310.fr\/jardin-morierois\/wp-json\/wp\/v2\/pages"}],"about":[{"href":"https:\/\/84310.fr\/jardin-morierois\/wp-json\/wp\/v2\/types\/page"}],"author":[{"embeddable":true,"href":"https:\/\/84310.fr\/jardin-morierois\/wp-json\/wp\/v2\/users\/1"}],"replies":[{"embeddable":true,"href":"https:\/\/84310.fr\/jardin-morierois\/wp-json\/wp\/v2\/comments?post=1050"}],"version-history":[{"count":7,"href":"https:\/\/84310.fr\/jardin-morierois\/wp-json\/wp\/v2\/pages\/1050\/revisions"}],"predecessor-version":[{"id":1270,"href":"https:\/\/84310.fr\/jardin-morierois\/wp-json\/wp\/v2\/pages\/1050\/revisions\/1270"}],"wp:attachment":[{"href":"https:\/\/84310.fr\/jardin-morierois\/wp-json\/wp\/v2\/media?parent=1050"}],"curies":[{"name":"wp","href":"https:\/\/api.w.org\/{rel}","templated":true}]}}