{"id":1044,"date":"2017-01-23T22:41:11","date_gmt":"2017-01-23T21:41:11","guid":{"rendered":"http:\/\/84310.fr\/jardin-morierois\/?page_id=1044"},"modified":"2017-01-29T18:41:06","modified_gmt":"2017-01-29T17:41:06","slug":"phenoculture","status":"publish","type":"page","link":"https:\/\/84310.fr\/jardin-morierois\/phenoculture\/","title":{"rendered":"Ph\u00e9noculture"},"content":{"rendered":"<p>pendant les longues soir\u00e9es d&rsquo;automne et d&rsquo;hiver, j&rsquo;en profite pour glaner des id\u00e9es sur la toile. En parcourant forums et autres blogs \u00e0 la recherche de nouveaut\u00e9 ou de perfectionnement, je suis tomb\u00e9 sur un article qui a attis\u00e9 ma curiosit\u00e9, et de fil en aiguille, j&rsquo;ai remont\u00e9 les sources,<\/p>\n<p>Ph\u00e9noculture est donc un n\u00e9ologisme \u00ab made in Econologie \u00bb qui rappelle la racine latine du foin (\u00ab faenum \u00bb en latin)<\/p>\n<p>cette technique appel\u00e9e \u00ab Le potager du paresseux \u00bb par Didier Helmstetter est une technique de culture qui permet de se passer d\u2019engrais, de pesticide et de fongicide, elle est bas\u00e9e sur le principe de conservation des sols, c\u2019est \u00e0 dire de laisser la vie biologique (micro et macroscopique) travailler le sol.<\/p>\n<p>j&rsquo;ai regard\u00e9 toutes ses vid\u00e9o, pas encore lu tous ses posts ( y&rsquo;en a un paquet !!! )<\/p>\n<p>l&rsquo;article d\u00e9clencheur =&gt;<a href=\"http:\/\/www.econologie.com\/phenoculture-permaculture-technique-paillage-foin\/\"> voir ICI<\/a><\/p>\n<p>pour ses posts en forum\u00a0 <a href=\"http:\/\/www.econologie.com\/forums\/agriculture\/jardiner-plus-que-bio-en-semis-direct-sans-fatigue-t13846.html#p273557\">voir ICI <\/a><\/p>\n<p>pour ses vid\u00e9o,( \u00e0 classer par ordre d&rsquo;anciennet\u00e9) <a href=\"https:\/\/www.youtube.com\/channel\/UCm-SeCr6-0dPzfUT8gZvYLg\/videos\">voir ICI<\/a><\/p>\n<p>Lisez, \u00e9coutez, et testez !!!!!<\/p>\n<p>&nbsp;<\/p>\n<p>une page d\u00e9di\u00e9e \u00e0 mon projet de ph\u00e9noculture <a href=\"https:\/\/84310.fr\/jardin-morierois\/phenoprojet\/\">est disponible ICI<\/a><\/p>\n<p>&nbsp;<\/p>\n<p>&nbsp;<\/p>\n","protected":false},"excerpt":{"rendered":"<p>pendant les longues soir\u00e9es d&rsquo;automne et d&rsquo;hiver, j&rsquo;en profite pour glaner des id\u00e9es sur la toile. En parcourant forums et autres blogs \u00e0 la recherche de nouveaut\u00e9 ou de perfectionnement, je suis tomb\u00e9 sur un article qui a attis\u00e9 ma&hellip; <\/p>\n","protected":false},"author":1,"featured_media":0,"parent":0,"menu_order":0,"comment_status":"closed","ping_status":"closed","template":"","meta":{"_exactmetrics_skip_tracking":false,"_exactmetrics_sitenote_active":false,"_exactmetrics_sitenote_note":"","_exactmetrics_sitenote_category":0,"footnotes":""},"class_list":["post-1044","page","type-page","status-publish","hentry"],"_links":{"self":[{"href":"https:\/\/84310.fr\/jardin-morierois\/wp-json\/wp\/v2\/pages\/1044","targetHints":{"allow":["GET"]}}],"collection":[{"href":"https:\/\/84310.fr\/jardin-morierois\/wp-json\/wp\/v2\/pages"}],"about":[{"href":"https:\/\/84310.fr\/jardin-morierois\/wp-json\/wp\/v2\/types\/page"}],"author":[{"embeddable":true,"href":"https:\/\/84310.fr\/jardin-morierois\/wp-json\/wp\/v2\/users\/1"}],"replies":[{"embeddable":true,"href":"https:\/\/84310.fr\/jardin-morierois\/wp-json\/wp\/v2\/comments?post=1044"}],"version-history":[{"count":4,"href":"https:\/\/84310.fr\/jardin-morierois\/wp-json\/wp\/v2\/pages\/1044\/revisions"}],"predecessor-version":[{"id":1054,"href":"https:\/\/84310.fr\/jardin-morierois\/wp-json\/wp\/v2\/pages\/1044\/revisions\/1054"}],"wp:attachment":[{"href":"https:\/\/84310.fr\/jardin-morierois\/wp-json\/wp\/v2\/media?parent=1044"}],"curies":[{"name":"wp","href":"https:\/\/api.w.org\/{rel}","templated":true}]}}