{"id":10,"date":"2016-03-04T21:39:38","date_gmt":"2016-03-04T20:39:38","guid":{"rendered":"http:\/\/84310.fr\/jardin-morierois\/?page_id=10"},"modified":"2016-11-09T18:42:47","modified_gmt":"2016-11-09T17:42:47","slug":"ananas","status":"publish","type":"page","link":"https:\/\/84310.fr\/jardin-morierois\/ananas\/","title":{"rendered":"ANANAS"},"content":{"rendered":"<p>Tomate ANANAS<\/p>\n<p>6 graines sem\u00e9es le 14 F\u00e9vrier 2016<\/p>\n<p>Le 24 F\u00e9vrier, comme il me restait quelques graines, j\u2019ai sem\u00e9 deux graines de plus par \u00a0\u00bb s\u00e9curit\u00e9 \u00a0\u00bb<\/p>\n<p>Le 11 Mars, sur les 6 plants initiaux, 4 plants pr\u00e9vus pour greffe ont \u00e9t\u00e9 transplant\u00e9s en godet et le plant restant pour graine a \u00e9galement \u00e9t\u00e9 mis en godet.<br \/>\nLe 14 Mars, j&rsquo;ai mis les deux plants Bonus, cit\u00e9s plus hauts, en godet.<br \/>\nLe 20 Mars, 2 plants ont \u00e9t\u00e9 greff\u00e9s. les deux autres pr\u00e9vus pour greffe sont encore trop petits.<\/p>\n<p>Le 07 Avril, un des plants greff\u00e9 n&rsquo;a pas tenu le coup. =&gt; Compost !!!<\/p>\n<h2 style=\"text-align: center;\"><span style=\"color: #ff0000;\"><strong>STATISTIQUES de la saison 2016<\/strong><\/span><\/h2>\n<p><img loading=\"lazy\" decoding=\"async\" class=\"alignnone size-full wp-image-936\" src=\"https:\/\/84310.fr\/jardin-morierois\/wp-content\/uploads\/2016\/03\/ananas.jpg\" alt=\"ananas\" width=\"711\" height=\"159\" srcset=\"https:\/\/84310.fr\/jardin-morierois\/wp-content\/uploads\/2016\/03\/ananas.jpg 711w, https:\/\/84310.fr\/jardin-morierois\/wp-content\/uploads\/2016\/03\/ananas-300x67.jpg 300w\" sizes=\"auto, (max-width: 711px) 100vw, 711px\" \/><\/p>\n<p>Le r\u00e9sultat sur le plan \u00a0\u00bb greff\u00e9es \u00a0\u00bb montre une diff\u00e9rence notable entre le plant 58 ( dont les gourmands ont \u00e9t\u00e9 enlev\u00e9s ) et le plant 59 ou le plant est rest\u00e9 libre de toute modification,<\/p>\n<p>&nbsp;<\/p>\n<p>Les plants non greff\u00e9s ont plus donn\u00e9 que les greff\u00e9s. c&rsquo;est a ne rien y comprendre &#8230;<\/p>\n<p><span style=\"color: #ff0000;\"><strong>je ne sais pas si je referai cette vari\u00e9t\u00e9 en 2017 &#8230;<\/strong><\/span><\/p>\n<p>&nbsp;<\/p>\n","protected":false},"excerpt":{"rendered":"<p>Tomate ANANAS 6 graines sem\u00e9es le 14 F\u00e9vrier 2016 Le 24 F\u00e9vrier, comme il me restait quelques graines, j\u2019ai sem\u00e9 deux graines de plus par \u00a0\u00bb s\u00e9curit\u00e9 \u00a0\u00bb Le 11 Mars, sur les 6 plants initiaux, 4 plants pr\u00e9vus pour&hellip; <\/p>\n","protected":false},"author":1,"featured_media":0,"parent":0,"menu_order":0,"comment_status":"closed","ping_status":"open","template":"","meta":{"_exactmetrics_skip_tracking":false,"_exactmetrics_sitenote_active":false,"_exactmetrics_sitenote_note":"","_exactmetrics_sitenote_category":0,"footnotes":""},"class_list":["post-10","page","type-page","status-publish","hentry"],"_links":{"self":[{"href":"https:\/\/84310.fr\/jardin-morierois\/wp-json\/wp\/v2\/pages\/10","targetHints":{"allow":["GET"]}}],"collection":[{"href":"https:\/\/84310.fr\/jardin-morierois\/wp-json\/wp\/v2\/pages"}],"about":[{"href":"https:\/\/84310.fr\/jardin-morierois\/wp-json\/wp\/v2\/types\/page"}],"author":[{"embeddable":true,"href":"https:\/\/84310.fr\/jardin-morierois\/wp-json\/wp\/v2\/users\/1"}],"replies":[{"embeddable":true,"href":"https:\/\/84310.fr\/jardin-morierois\/wp-json\/wp\/v2\/comments?post=10"}],"version-history":[{"count":8,"href":"https:\/\/84310.fr\/jardin-morierois\/wp-json\/wp\/v2\/pages\/10\/revisions"}],"predecessor-version":[{"id":962,"href":"https:\/\/84310.fr\/jardin-morierois\/wp-json\/wp\/v2\/pages\/10\/revisions\/962"}],"wp:attachment":[{"href":"https:\/\/84310.fr\/jardin-morierois\/wp-json\/wp\/v2\/media?parent=10"}],"curies":[{"name":"wp","href":"https:\/\/api.w.org\/{rel}","templated":true}]}}